{"id":376644,"date":"2022-08-17T14:01:56","date_gmt":"2022-08-17T12:01:56","guid":{"rendered":"https:\/\/dividing-curtains.com\/o-podjetju-dpe\/"},"modified":"2022-09-16T12:15:45","modified_gmt":"2022-09-16T10:15:45","slug":"o-podjetju-dpe","status":"publish","type":"page","link":"https:\/\/dividing-curtains.com\/sl\/o-podjetju-dpe\/","title":{"rendered":"O podjetju DPE"},"content":{"rendered":"<p>[et_pb_section fb_built=&#8221;1&#8243; custom_padding_last_edited=&#8221;on|phone&#8221; next_background_color=&#8221;#ffffff&#8221; _builder_version=&#8221;4.17.6&#8243; _module_preset=&#8221;default&#8221; background_color=&#8221;#000000&#8243; background_enable_pattern_style=&#8221;on&#8221; background_pattern_style=&#8221;diagonal-stripes-2&#8243; background_pattern_color=&#8221;#444444&#8243; background_pattern_size=&#8221;custom&#8221; background_pattern_width=&#8221;0px&#8221; background_pattern_height=&#8221;0px&#8221; background_pattern_repeat_origin=&#8221;top_center&#8221; background_enable_mask_style=&#8221;on&#8221; background_mask_style=&#8221;triangles&#8221; background_mask_color=&#8221;#000000&#8243; custom_padding=&#8221;145px||145px||true|&#8221; custom_padding_tablet=&#8221;&#8221; custom_padding_phone=&#8221;93px||81px||false|false&#8221; bottom_divider_style=&#8221;asymmetric2&#8243; bottom_divider_flip=&#8221;horizontal&#8221; bottom_divider_height_tablet=&#8221;&#8221; bottom_divider_height_phone=&#8221;50px&#8221; bottom_divider_height_last_edited=&#8221;on|phone&#8221; global_colors_info=&#8221;{}&#8221;][et_pb_row _builder_version=&#8221;4.17.6&#8243; _module_preset=&#8221;default&#8221; global_colors_info=&#8221;{}&#8221;][et_pb_column type=&#8221;4_4&#8243; _builder_version=&#8221;4.17.6&#8243; _module_preset=&#8221;default&#8221; global_colors_info=&#8221;{}&#8221;][et_pb_text _builder_version=&#8221;4.18.0&#8243; _module_preset=&#8221;default&#8221; header_text_color=&#8221;#FFFFFF&#8221; header_font_size=&#8221;43px&#8221; animation_style=&#8221;slide&#8221; animation_direction=&#8221;right&#8221; animation_intensity_slide=&#8221;3%&#8221; header_font_size_tablet=&#8221;&#8221; header_font_size_phone=&#8221;31px&#8221; header_font_size_last_edited=&#8221;on|phone&#8221; global_colors_info=&#8221;{}&#8221;]<\/p>\n<h1>O podjetju DPE<\/h1>\n<p>[\/et_pb_text][\/et_pb_column][\/et_pb_row][\/et_pb_section][et_pb_section fb_built=&#8221;1&#8243; _builder_version=&#8221;4.18.0&#8243; _module_preset=&#8221;default&#8221; global_colors_info=&#8221;{}&#8221;][et_pb_row _builder_version=&#8221;4.18.0&#8243; _module_preset=&#8221;default&#8221; global_colors_info=&#8221;{}&#8221;][et_pb_column type=&#8221;4_4&#8243; _builder_version=&#8221;4.18.0&#8243; _module_preset=&#8221;default&#8221; global_colors_info=&#8221;{}&#8221;][et_pb_cta title=&#8221;S prilagojenimi re\u0161itvami in idejami skrbimo za va\u0161e \u017eelje in potrebe.&#8221; admin_label=&#8221;Curly Content &#8211; Ragnar &#8211; Call To Action &#8211; Has it Changed Your Life Yet?&#8221; _builder_version=&#8221;4.18.0&#8243; _module_preset=&#8221;default&#8221; header_font=&#8221;Poppins|600|||||||&#8221; header_text_color=&#8221;#000000&#8243; header_font_size=&#8221;46px&#8221; header_line_height=&#8221;120%&#8221; body_font=&#8221;Barlow||||||||&#8221; body_text_color=&#8221;#989b9f&#8221; body_font_size=&#8221;18px&#8221; body_line_height=&#8221;179%&#8221; use_background_color=&#8221;off&#8221; text_orientation=&#8221;left&#8221; hover_enabled=&#8221;0&#8243; header_font_size_tablet=&#8221;36px&#8221; header_font_size_phone=&#8221;22px&#8221; header_font_size_last_edited=&#8221;on|phone&#8221; custom_css_main_element=&#8221;    transform: translate(0px, 40%);||    transition: 0.9s;&#8221; custom_css_promo_description=&#8221;padding-bottom: 0;||font-weight: 400;&#8221; custom_css_promo_title=&#8221;    padding-bottom: 27px;&#8221; global_colors_info=&#8221;{}&#8221; sticky_enabled=&#8221;0&#8243; locked=&#8221;off&#8221;][\/et_pb_cta][\/et_pb_column][\/et_pb_row][\/et_pb_section][et_pb_section fb_built=&#8221;1&#8243; custom_padding_last_edited=&#8221;on|phone&#8221; admin_label=&#8221;Curly Content &#8211; Ragnar&#8221; module_class=&#8221;ragnar_content_curly&#8221; _builder_version=&#8221;4.16&#8243; _module_preset=&#8221;default&#8221; custom_padding=&#8221;62px||30px||false|false&#8221; custom_padding_tablet=&#8221;0px||||false|false&#8221; custom_padding_phone=&#8221;&#8221; custom_css_main_element=&#8221;    overflow: hidden;&#8221; global_colors_info=&#8221;{}&#8221; theme_builder_area=&#8221;post_content&#8221;][et_pb_row custom_padding_last_edited=&#8221;on|tablet&#8221; admin_label=&#8221;Curly Content &#8211; Ragnar &#8211; Row&#8221; module_class=&#8221;ragnar_content_curly_row&#8221; _builder_version=&#8221;4.16&#8243; _module_preset=&#8221;default&#8221; width=&#8221;100%&#8221; max_width=&#8221;100%&#8221; custom_padding=&#8221;87px||||false|false&#8221; custom_padding_tablet=&#8221;45px||||false|false&#8221; custom_padding_phone=&#8221;&#8221; global_colors_info=&#8221;{}&#8221; theme_builder_area=&#8221;post_content&#8221;][et_pb_column type=&#8221;4_4&#8243; _builder_version=&#8221;4.16&#8243; _module_preset=&#8221;default&#8221; global_colors_info=&#8221;{}&#8221; theme_builder_area=&#8221;post_content&#8221;][et_pb_image src=&#8221;https:\/\/dividing-curtains.com\/wp-content\/uploads\/dpe-about-1.jpg&#8221; title_text=&#8221;dpe about 1&#8243; admin_label=&#8221;Curly Content &#8211; Ragnar &#8211; Sheepy Image Size: 1900px x 604px&#8221; module_class=&#8221;slide_image&#8221; _builder_version=&#8221;4.18.0&#8243; _module_preset=&#8221;default&#8221; width=&#8221;100%&#8221; module_alignment=&#8221;right&#8221; hover_enabled=&#8221;0&#8243; global_colors_info=&#8221;{}&#8221; theme_builder_area=&#8221;post_content&#8221; sticky_enabled=&#8221;0&#8243;][\/et_pb_image][\/et_pb_column][\/et_pb_row][et_pb_row custom_padding_last_edited=&#8221;on|tablet&#8221; admin_label=&#8221;Curly Content &#8211; Ragnar &#8211; Row&#8221; _builder_version=&#8221;4.18.0&#8243; _module_preset=&#8221;default&#8221; width=&#8221;90%&#8221; max_width=&#8221;1170px&#8221; custom_padding=&#8221;0px||||false|false&#8221; custom_padding_tablet=&#8221;30px||||false|false&#8221; custom_padding_phone=&#8221;&#8221; hover_enabled=&#8221;0&#8243; global_colors_info=&#8221;{}&#8221; theme_builder_area=&#8221;post_content&#8221; sticky_enabled=&#8221;0&#8243;][et_pb_column type=&#8221;4_4&#8243; _builder_version=&#8221;4.16&#8243; _module_preset=&#8221;default&#8221; global_colors_info=&#8221;{}&#8221; theme_builder_area=&#8221;post_content&#8221;][et_pb_cta title=&#8221;Vsak projekt pripravimo povsem individualno ob upo\u0161tevanju zahtev stranke in oblikovalskih smernic za izbrani prostor, kjer bo sistem name\u0161\u010den.&#8221; admin_label=&#8221;Curly Content &#8211; Ragnar &#8211; Call To Action &#8211; Has it Changed Your Life Yet?&#8221; _builder_version=&#8221;4.18.0&#8243; _module_preset=&#8221;default&#8221; header_font=&#8221;Poppins|600|||||||&#8221; header_text_color=&#8221;#000000&#8243; header_font_size=&#8221;46px&#8221; header_line_height=&#8221;120%&#8221; body_font=&#8221;Barlow||||||||&#8221; body_text_color=&#8221;#989b9f&#8221; body_font_size=&#8221;18px&#8221; body_line_height=&#8221;179%&#8221; use_background_color=&#8221;off&#8221; text_orientation=&#8221;left&#8221; hover_enabled=&#8221;0&#8243; header_font_size_tablet=&#8221;36px&#8221; header_font_size_phone=&#8221;22px&#8221; header_font_size_last_edited=&#8221;on|phone&#8221; custom_css_main_element=&#8221;    transform: translate(0px, 40%);||    transition: 0.9s;&#8221; custom_css_promo_description=&#8221;padding-bottom: 0;||font-weight: 400;&#8221; custom_css_promo_title=&#8221;    padding-bottom: 27px;&#8221; global_colors_info=&#8221;{}&#8221; theme_builder_area=&#8221;post_content&#8221; sticky_enabled=&#8221;0&#8243;][\/et_pb_cta][\/et_pb_column][\/et_pb_row][\/et_pb_section][et_pb_section fb_built=&#8221;1&#8243; custom_padding_last_edited=&#8221;on|phone&#8221; admin_label=&#8221;Curly Content &#8211; Ragnar&#8221; module_class=&#8221;ragnar_content_curly&#8221; _builder_version=&#8221;4.16&#8243; _module_preset=&#8221;default&#8221; custom_padding=&#8221;62px||30px||false|false&#8221; custom_padding_tablet=&#8221;0px||||false|false&#8221; custom_padding_phone=&#8221;&#8221; custom_css_main_element=&#8221;    overflow: hidden;&#8221; global_colors_info=&#8221;{}&#8221; theme_builder_area=&#8221;post_content&#8221;][et_pb_row custom_padding_last_edited=&#8221;on|tablet&#8221; admin_label=&#8221;Curly Content &#8211; Ragnar &#8211; Row&#8221; module_class=&#8221;ragnar_content_curly_row&#8221; _builder_version=&#8221;4.16&#8243; _module_preset=&#8221;default&#8221; width=&#8221;100%&#8221; max_width=&#8221;100%&#8221; custom_padding=&#8221;87px||||false|false&#8221; custom_padding_tablet=&#8221;45px||||false|false&#8221; custom_padding_phone=&#8221;&#8221; global_colors_info=&#8221;{}&#8221; theme_builder_area=&#8221;post_content&#8221;][et_pb_column type=&#8221;4_4&#8243; _builder_version=&#8221;4.16&#8243; _module_preset=&#8221;default&#8221; global_colors_info=&#8221;{}&#8221; theme_builder_area=&#8221;post_content&#8221;][et_pb_image src=&#8221;https:\/\/dividing-curtains.com\/wp-content\/uploads\/dpe-about-2.jpg&#8221; title_text=&#8221;dpe about 2&#8243; admin_label=&#8221;Curly Content &#8211; Ragnar &#8211; Sheepy Image Size: 1900px x 604px&#8221; module_class=&#8221;slide_image&#8221; _builder_version=&#8221;4.18.0&#8243; _module_preset=&#8221;default&#8221; width=&#8221;100%&#8221; module_alignment=&#8221;right&#8221; hover_enabled=&#8221;0&#8243; global_colors_info=&#8221;{}&#8221; theme_builder_area=&#8221;post_content&#8221; sticky_enabled=&#8221;0&#8243;][\/et_pb_image][\/et_pb_column][\/et_pb_row][et_pb_row custom_padding_last_edited=&#8221;on|tablet&#8221; admin_label=&#8221;Curly Content &#8211; Ragnar &#8211; Row&#8221; _builder_version=&#8221;4.18.0&#8243; _module_preset=&#8221;default&#8221; width=&#8221;90%&#8221; max_width=&#8221;1170px&#8221; custom_padding=&#8221;0px||||false|false&#8221; custom_padding_tablet=&#8221;30px||||false|false&#8221; custom_padding_phone=&#8221;&#8221; hover_enabled=&#8221;0&#8243; global_colors_info=&#8221;{}&#8221; theme_builder_area=&#8221;post_content&#8221; sticky_enabled=&#8221;0&#8243;][et_pb_column type=&#8221;4_4&#8243; _builder_version=&#8221;4.16&#8243; _module_preset=&#8221;default&#8221; global_colors_info=&#8221;{}&#8221; theme_builder_area=&#8221;post_content&#8221;][et_pb_cta title=&#8221;Pripravljeni smo se spopasti z majhnimi in velikimi projekti, pri \u010demer stranki vselej zagotovimo najbolj\u0161i mo\u017eni izdelek.&#8221; admin_label=&#8221;Curly Content &#8211; Ragnar &#8211; Call To Action &#8211; Has it Changed Your Life Yet?&#8221; _builder_version=&#8221;4.18.0&#8243; _module_preset=&#8221;default&#8221; header_font=&#8221;Poppins|600|||||||&#8221; header_text_color=&#8221;#000000&#8243; header_font_size=&#8221;46px&#8221; header_line_height=&#8221;120%&#8221; body_font=&#8221;Barlow||||||||&#8221; body_text_color=&#8221;#989b9f&#8221; body_font_size=&#8221;18px&#8221; body_line_height=&#8221;179%&#8221; use_background_color=&#8221;off&#8221; text_orientation=&#8221;left&#8221; hover_enabled=&#8221;0&#8243; header_font_size_tablet=&#8221;36px&#8221; header_font_size_phone=&#8221;22px&#8221; header_font_size_last_edited=&#8221;on|phone&#8221; custom_css_main_element=&#8221;    transform: translate(0px, 40%);||    transition: 0.9s;&#8221; custom_css_promo_description=&#8221;padding-bottom: 0;||font-weight: 400;&#8221; custom_css_promo_title=&#8221;    padding-bottom: 27px;&#8221; global_colors_info=&#8221;{}&#8221; theme_builder_area=&#8221;post_content&#8221; sticky_enabled=&#8221;0&#8243;][\/et_pb_cta][\/et_pb_column][\/et_pb_row][\/et_pb_section][et_pb_section fb_built=&#8221;1&#8243; custom_padding_last_edited=&#8221;on|phone&#8221; admin_label=&#8221;Curly Content &#8211; Ragnar&#8221; module_class=&#8221;ragnar_content_curly&#8221; _builder_version=&#8221;4.16&#8243; _module_preset=&#8221;default&#8221; custom_padding=&#8221;62px||30px||false|false&#8221; custom_padding_tablet=&#8221;0px||||false|false&#8221; custom_padding_phone=&#8221;&#8221; custom_css_main_element=&#8221;    overflow: hidden;&#8221; global_colors_info=&#8221;{}&#8221; theme_builder_area=&#8221;post_content&#8221;][et_pb_row custom_padding_last_edited=&#8221;on|tablet&#8221; admin_label=&#8221;Curly Content &#8211; Ragnar &#8211; Row&#8221; module_class=&#8221;ragnar_content_curly_row&#8221; _builder_version=&#8221;4.16&#8243; _module_preset=&#8221;default&#8221; width=&#8221;100%&#8221; max_width=&#8221;100%&#8221; custom_padding=&#8221;87px||||false|false&#8221; custom_padding_tablet=&#8221;45px||||false|false&#8221; custom_padding_phone=&#8221;&#8221; global_colors_info=&#8221;{}&#8221; theme_builder_area=&#8221;post_content&#8221;][et_pb_column type=&#8221;4_4&#8243; _builder_version=&#8221;4.16&#8243; _module_preset=&#8221;default&#8221; global_colors_info=&#8221;{}&#8221; theme_builder_area=&#8221;post_content&#8221;][et_pb_image src=&#8221;https:\/\/dividing-curtains.com\/wp-content\/uploads\/dpe-about-3.jpg&#8221; title_text=&#8221;dpe about 3&#8243; admin_label=&#8221;Curly Content &#8211; Ragnar &#8211; Sheepy Image Size: 1900px x 604px&#8221; module_class=&#8221;slide_image&#8221; _builder_version=&#8221;4.18.0&#8243; _module_preset=&#8221;default&#8221; width=&#8221;100%&#8221; module_alignment=&#8221;right&#8221; hover_enabled=&#8221;0&#8243; global_colors_info=&#8221;{}&#8221; theme_builder_area=&#8221;post_content&#8221; sticky_enabled=&#8221;0&#8243;][\/et_pb_image][\/et_pb_column][\/et_pb_row][et_pb_row custom_padding_last_edited=&#8221;on|tablet&#8221; admin_label=&#8221;Curly Content &#8211; Ragnar &#8211; Row&#8221; _builder_version=&#8221;4.18.0&#8243; _module_preset=&#8221;default&#8221; width=&#8221;90%&#8221; max_width=&#8221;1170px&#8221; custom_padding=&#8221;0px||||false|false&#8221; custom_padding_tablet=&#8221;30px||||false|false&#8221; custom_padding_phone=&#8221;&#8221; hover_enabled=&#8221;0&#8243; global_colors_info=&#8221;{}&#8221; theme_builder_area=&#8221;post_content&#8221; sticky_enabled=&#8221;0&#8243;][et_pb_column type=&#8221;4_4&#8243; _builder_version=&#8221;4.16&#8243; _module_preset=&#8221;default&#8221; global_colors_info=&#8221;{}&#8221; theme_builder_area=&#8221;post_content&#8221;][et_pb_cta title=&#8221;Na\u0161 profesionalni pristop vam bo koristil v razli\u010dnih prostorih in za razli\u010dne namene uporabe. Vsi na\u0161i sistemi so primerni za namestitev na \u0161tevilnih lokacijah po vsem svetu, kot denimo:&#8221; admin_label=&#8221;Curly Content &#8211; Ragnar &#8211; Call To Action &#8211; Has it Changed Your Life Yet?&#8221; _builder_version=&#8221;4.18.0&#8243; _module_preset=&#8221;default&#8221; header_font=&#8221;Poppins|600|||||||&#8221; header_text_color=&#8221;#000000&#8243; header_font_size=&#8221;46px&#8221; header_line_height=&#8221;120%&#8221; body_font=&#8221;Barlow||||||||&#8221; body_text_color=&#8221;#989b9f&#8221; body_font_size=&#8221;18px&#8221; body_line_height=&#8221;179%&#8221; use_background_color=&#8221;off&#8221; text_orientation=&#8221;left&#8221; hover_enabled=&#8221;0&#8243; header_font_size_tablet=&#8221;36px&#8221; header_font_size_phone=&#8221;22px&#8221; header_font_size_last_edited=&#8221;on|phone&#8221; custom_css_main_element=&#8221;    transform: translate(0px, 40%);||    transition: 0.9s;&#8221; custom_css_promo_description=&#8221;padding-bottom: 0;||font-weight: 400;&#8221; custom_css_promo_title=&#8221;    padding-bottom: 27px;&#8221; global_colors_info=&#8221;{}&#8221; theme_builder_area=&#8221;post_content&#8221; sticky_enabled=&#8221;0&#8243;][\/et_pb_cta][\/et_pb_column][\/et_pb_row][et_pb_row _builder_version=&#8221;4.18.0&#8243; _module_preset=&#8221;default&#8221; theme_builder_area=&#8221;post_content&#8221; column_structure=&#8221;1_6,1_6,1_6,1_6,1_6,1_6&#8243; custom_margin=&#8221;58px||||false|false&#8221; hover_enabled=&#8221;0&#8243; sticky_enabled=&#8221;0&#8243;][et_pb_column _builder_version=&#8221;4.18.0&#8243; _module_preset=&#8221;default&#8221; type=&#8221;1_6&#8243; theme_builder_area=&#8221;post_content&#8221;][et_pb_blurb title=&#8221;ve\u010dnamenske arene (\u0161portne, prireditvene, koncertne itd.)&#8221; _builder_version=&#8221;4.18.0&#8243; _module_preset=&#8221;default&#8221; theme_builder_area=&#8221;post_content&#8221; use_icon=&#8221;on&#8221; font_icon=&#8221;&#x5a;||divi||400&#8243; icon_color=&#8221;#000000&#8243; image_icon_width=&#8221;51px&#8221; text_orientation=&#8221;center&#8221; custom_css_blurb_title=&#8221;margin-top:-20px;&#8221; hover_enabled=&#8221;0&#8243; sticky_enabled=&#8221;0&#8243; header_font_size=&#8221;15px&#8221;][\/et_pb_blurb][\/et_pb_column][et_pb_column _builder_version=&#8221;4.18.0&#8243; _module_preset=&#8221;default&#8221; type=&#8221;1_6&#8243; theme_builder_area=&#8221;post_content&#8221;][et_pb_blurb title=&#8221;\u0161olske telovadnice&#8221; _builder_version=&#8221;4.18.0&#8243; _module_preset=&#8221;default&#8221; theme_builder_area=&#8221;post_content&#8221; use_icon=&#8221;on&#8221; font_icon=&#8221;&#x5a;||divi||400&#8243; icon_color=&#8221;#000000&#8243; image_icon_width=&#8221;51px&#8221; text_orientation=&#8221;center&#8221; custom_css_blurb_title=&#8221;margin-top:-20px;&#8221; hover_enabled=&#8221;0&#8243; sticky_enabled=&#8221;0&#8243; header_font_size=&#8221;15px&#8221;][\/et_pb_blurb][\/et_pb_column][et_pb_column _builder_version=&#8221;4.18.0&#8243; _module_preset=&#8221;default&#8221; type=&#8221;1_6&#8243; theme_builder_area=&#8221;post_content&#8221;][et_pb_blurb title=&#8221;nogometni stadioni&#8221; _builder_version=&#8221;4.18.0&#8243; _module_preset=&#8221;default&#8221; theme_builder_area=&#8221;post_content&#8221; use_icon=&#8221;on&#8221; font_icon=&#8221;&#x5a;||divi||400&#8243; icon_color=&#8221;#000000&#8243; image_icon_width=&#8221;51px&#8221; text_orientation=&#8221;center&#8221; custom_css_blurb_title=&#8221;margin-top:-20px;&#8221; hover_enabled=&#8221;0&#8243; sticky_enabled=&#8221;0&#8243; header_font_size=&#8221;15px&#8221;][\/et_pb_blurb][\/et_pb_column][et_pb_column _builder_version=&#8221;4.18.0&#8243; _module_preset=&#8221;default&#8221; type=&#8221;1_6&#8243; theme_builder_area=&#8221;post_content&#8221;][et_pb_blurb title=&#8221;sejemski objekti&#8221; _builder_version=&#8221;4.18.0&#8243; _module_preset=&#8221;default&#8221; theme_builder_area=&#8221;post_content&#8221; use_icon=&#8221;on&#8221; font_icon=&#8221;&#x5a;||divi||400&#8243; icon_color=&#8221;#000000&#8243; image_icon_width=&#8221;51px&#8221; text_orientation=&#8221;center&#8221; custom_css_blurb_title=&#8221;margin-top:-20px;&#8221; hover_enabled=&#8221;0&#8243; sticky_enabled=&#8221;0&#8243; header_font_size=&#8221;15px&#8221;][\/et_pb_blurb][\/et_pb_column][et_pb_column _builder_version=&#8221;4.18.0&#8243; _module_preset=&#8221;default&#8221; type=&#8221;1_6&#8243; theme_builder_area=&#8221;post_content&#8221;][et_pb_blurb title=&#8221;zunanja prizori\u0161\u010da in konferen\u010dne dvorane&#8221; _builder_version=&#8221;4.18.0&#8243; _module_preset=&#8221;default&#8221; theme_builder_area=&#8221;post_content&#8221; use_icon=&#8221;on&#8221; font_icon=&#8221;&#x5a;||divi||400&#8243; icon_color=&#8221;#000000&#8243; image_icon_width=&#8221;51px&#8221; text_orientation=&#8221;center&#8221; custom_css_blurb_title=&#8221;margin-top:-20px;&#8221; hover_enabled=&#8221;0&#8243; sticky_enabled=&#8221;0&#8243; header_font_size=&#8221;15px&#8221;][\/et_pb_blurb][\/et_pb_column][et_pb_column _builder_version=&#8221;4.18.0&#8243; _module_preset=&#8221;default&#8221; type=&#8221;1_6&#8243; theme_builder_area=&#8221;post_content&#8221;][et_pb_blurb title=&#8221;\u0161portne dvorane&#8221; _builder_version=&#8221;4.18.0&#8243; _module_preset=&#8221;default&#8221; theme_builder_area=&#8221;post_content&#8221; use_icon=&#8221;on&#8221; font_icon=&#8221;&#x5a;||divi||400&#8243; icon_color=&#8221;#000000&#8243; image_icon_width=&#8221;51px&#8221; text_orientation=&#8221;center&#8221; custom_css_blurb_title=&#8221;margin-top:-20px;&#8221; hover_enabled=&#8221;0&#8243; sticky_enabled=&#8221;0&#8243; header_font_size=&#8221;15px&#8221;][\/et_pb_blurb][\/et_pb_column][\/et_pb_row][\/et_pb_section]<\/p>\n","protected":false},"excerpt":{"rendered":"<p>O podjetju DPE<\/p>\n","protected":false},"author":1,"featured_media":0,"parent":0,"menu_order":0,"comment_status":"closed","ping_status":"closed","template":"","meta":{"_seopress_robots_primary_cat":"","_seopress_titles_title":"","_seopress_titles_desc":"","_seopress_robots_index":"","_et_pb_use_builder":"on","_et_pb_old_content":"","_et_gb_content_width":"","footnotes":"","_links_to":"","_links_to_target":""},"class_list":["post-376644","page","type-page","status-publish","hentry"],"_links":{"self":[{"href":"https:\/\/dividing-curtains.com\/sl\/wp-json\/wp\/v2\/pages\/376644","targetHints":{"allow":["GET"]}}],"collection":[{"href":"https:\/\/dividing-curtains.com\/sl\/wp-json\/wp\/v2\/pages"}],"about":[{"href":"https:\/\/dividing-curtains.com\/sl\/wp-json\/wp\/v2\/types\/page"}],"author":[{"embeddable":true,"href":"https:\/\/dividing-curtains.com\/sl\/wp-json\/wp\/v2\/users\/1"}],"replies":[{"embeddable":true,"href":"https:\/\/dividing-curtains.com\/sl\/wp-json\/wp\/v2\/comments?post=376644"}],"version-history":[{"count":2,"href":"https:\/\/dividing-curtains.com\/sl\/wp-json\/wp\/v2\/pages\/376644\/revisions"}],"predecessor-version":[{"id":376646,"href":"https:\/\/dividing-curtains.com\/sl\/wp-json\/wp\/v2\/pages\/376644\/revisions\/376646"}],"wp:attachment":[{"href":"https:\/\/dividing-curtains.com\/sl\/wp-json\/wp\/v2\/media?parent=376644"}],"curies":[{"name":"wp","href":"https:\/\/api.w.org\/{rel}","templated":true}]}}